{"id":9,"date":"2024-12-05T09:45:34","date_gmt":"2024-12-05T09:45:34","guid":{"rendered":"https:\/\/packagingreview.eu\/?page_id=9"},"modified":"2026-04-16T07:23:53","modified_gmt":"2026-04-16T07:23:53","slug":"pr","status":"publish","type":"page","link":"https:\/\/packagingreview.eu\/","title":{"rendered":"PR"},"content":{"rendered":"\t\t<div data-elementor-type=\"wp-post\" data-elementor-id=\"9\" class=\"elementor elementor-9\" data-elementor-post-type=\"page\">\n\t\t\t\t<div class=\"elementor-element elementor-element-74a9bf9 e-flex e-con-boxed e-con e-parent\" data-id=\"74a9bf9\" data-element_type=\"container\" data-settings=\"{&quot;background_background&quot;:&quot;classic&quot;}\">\n\t\t\t\t\t<div class=\"e-con-inner\">\n\t\t<div class=\"elementor-element elementor-element-cf44b74 e-con-full e-flex e-con e-child\" data-id=\"cf44b74\" data-element_type=\"container\" data-settings=\"{&quot;background_background&quot;:&quot;classic&quot;}\">\n\t\t<div class=\"elementor-element elementor-element-1d817c4 e-con-full e-flex e-con e-child\" data-id=\"1d817c4\" data-element_type=\"container\">\n\t\t\t\t<div class=\"elementor-element elementor-element-40372c0 elementor-nav-menu--stretch elementor-nav-menu--dropdown-mobile elementor-nav-menu__text-align-aside elementor-nav-menu--toggle elementor-nav-menu--burger elementor-widget elementor-widget-nav-menu\" data-id=\"40372c0\" data-element_type=\"widget\" data-settings=\"{&quot;full_width&quot;:&quot;stretch&quot;,&quot;layout&quot;:&quot;horizontal&quot;,&quot;submenu_icon&quot;:{&quot;value&quot;:&quot;&lt;svg class=\\&quot;e-font-icon-svg e-fas-caret-down\\&quot; viewBox=\\&quot;0 0 320 512\\&quot; xmlns=\\&quot;http:\\\/\\\/www.w3.org\\\/2000\\\/svg\\&quot;&gt;&lt;path d=\\&quot;M31.3 192h257.3c17.8 0 26.7 21.5 14.1 34.1L174.1 354.8c-7.8 7.8-20.5 7.8-28.3 0L17.2 226.1C4.6 213.5 13.5 192 31.3 192z\\&quot;&gt;&lt;\\\/path&gt;&lt;\\\/svg&gt;&quot;,&quot;library&quot;:&quot;fa-solid&quot;},&quot;toggle&quot;:&quot;burger&quot;}\" data-widget_type=\"nav-menu.default\">\n\t\t\t\t<div class=\"elementor-widget-container\">\n\t\t\t\t\t\t\t\t<nav aria-label=\"Menu\" class=\"elementor-nav-menu--main elementor-nav-menu__container elementor-nav-menu--layout-horizontal e--pointer-background e--animation-fade\">\n\t\t\t\t<ul id=\"menu-1-40372c0\" class=\"elementor-nav-menu\"><li class=\"menu-item menu-item-type-post_type menu-item-object-page menu-item-home menu-item-42\"><a href=\"https:\/\/packagingreview.eu\/\" class=\"elementor-item\">PR<\/a><\/li>\n<li class=\"menu-item menu-item-type-post_type menu-item-object-page menu-item-44\"><a href=\"https:\/\/packagingreview.eu\/index.php\/editorial-board\/\" class=\"elementor-item\">Editorial Board<\/a><\/li>\n<li class=\"menu-item menu-item-type-post_type menu-item-object-page menu-item-47\"><a href=\"https:\/\/packagingreview.eu\/index.php\/volumens\/\" class=\"elementor-item\">Volumens<\/a><\/li>\n<li class=\"menu-item menu-item-type-post_type menu-item-object-page menu-item-45\"><a href=\"https:\/\/packagingreview.eu\/index.php\/information-for-authors\/\" class=\"elementor-item\">Information for Authors<\/a><\/li>\n<li class=\"menu-item menu-item-type-post_type menu-item-object-page menu-item-46\"><a href=\"https:\/\/packagingreview.eu\/index.php\/reviewing-procedures\/\" class=\"elementor-item\">Reviewing procedures<\/a><\/li>\n<li class=\"menu-item menu-item-type-post_type menu-item-object-page menu-item-43\"><a href=\"https:\/\/packagingreview.eu\/index.php\/contact\/\" class=\"elementor-item\">Contact<\/a><\/li>\n<\/ul>\t\t\t<\/nav>\n\t\t\t\t\t<div class=\"elementor-menu-toggle\" role=\"button\" tabindex=\"0\" aria-label=\"Menu Toggle\" aria-expanded=\"false\">\n\t\t\t<svg aria-hidden=\"true\" role=\"presentation\" class=\"elementor-menu-toggle__icon--open e-font-icon-svg e-eicon-menu-bar\" viewBox=\"0 0 1000 1000\" xmlns=\"http:\/\/www.w3.org\/2000\/svg\"><path d=\"M104 333H896C929 333 958 304 958 271S929 208 896 208H104C71 208 42 237 42 271S71 333 104 333ZM104 583H896C929 583 958 554 958 521S929 458 896 458H104C71 458 42 487 42 521S71 583 104 583ZM104 833H896C929 833 958 804 958 771S929 708 896 708H104C71 708 42 737 42 771S71 833 104 833Z\"><\/path><\/svg><svg aria-hidden=\"true\" role=\"presentation\" class=\"elementor-menu-toggle__icon--close e-font-icon-svg e-eicon-close\" viewBox=\"0 0 1000 1000\" xmlns=\"http:\/\/www.w3.org\/2000\/svg\"><path d=\"M742 167L500 408 258 167C246 154 233 150 217 150 196 150 179 158 167 167 154 179 150 196 150 212 150 229 154 242 171 254L408 500 167 742C138 771 138 800 167 829 196 858 225 858 254 829L496 587 738 829C750 842 767 846 783 846 800 846 817 842 829 829 842 817 846 804 846 783 846 767 842 750 829 737L588 500 833 258C863 229 863 200 833 171 804 137 775 137 742 167Z\"><\/path><\/svg>\t\t<\/div>\n\t\t\t\t\t<nav class=\"elementor-nav-menu--dropdown elementor-nav-menu__container\" aria-hidden=\"true\">\n\t\t\t\t<ul id=\"menu-2-40372c0\" class=\"elementor-nav-menu\"><li class=\"menu-item menu-item-type-post_type menu-item-object-page menu-item-home menu-item-42\"><a href=\"https:\/\/packagingreview.eu\/\" class=\"elementor-item\" tabindex=\"-1\">PR<\/a><\/li>\n<li class=\"menu-item menu-item-type-post_type menu-item-object-page menu-item-44\"><a href=\"https:\/\/packagingreview.eu\/index.php\/editorial-board\/\" class=\"elementor-item\" tabindex=\"-1\">Editorial Board<\/a><\/li>\n<li class=\"menu-item menu-item-type-post_type menu-item-object-page menu-item-47\"><a href=\"https:\/\/packagingreview.eu\/index.php\/volumens\/\" class=\"elementor-item\" tabindex=\"-1\">Volumens<\/a><\/li>\n<li class=\"menu-item menu-item-type-post_type menu-item-object-page menu-item-45\"><a href=\"https:\/\/packagingreview.eu\/index.php\/information-for-authors\/\" class=\"elementor-item\" tabindex=\"-1\">Information for Authors<\/a><\/li>\n<li class=\"menu-item menu-item-type-post_type menu-item-object-page menu-item-46\"><a href=\"https:\/\/packagingreview.eu\/index.php\/reviewing-procedures\/\" class=\"elementor-item\" tabindex=\"-1\">Reviewing procedures<\/a><\/li>\n<li class=\"menu-item menu-item-type-post_type menu-item-object-page menu-item-43\"><a href=\"https:\/\/packagingreview.eu\/index.php\/contact\/\" class=\"elementor-item\" tabindex=\"-1\">Contact<\/a><\/li>\n<\/ul>\t\t\t<\/nav>\n\t\t\t\t\t\t<\/div>\n\t\t\t\t<\/div>\n\t\t<div class=\"elementor-element elementor-element-087f3af e-con-full e-flex e-con e-child\" data-id=\"087f3af\" data-element_type=\"container\">\n\t\t\t\t<div class=\"elementor-element elementor-element-fe1dbf6 elementor-widget__width-initial elementor-widget-mobile__width-initial elementor-widget elementor-widget-text-editor\" data-id=\"fe1dbf6\" data-element_type=\"widget\" data-widget_type=\"text-editor.default\">\n\t\t\t\t<div class=\"elementor-widget-container\">\n\t\t\t\t\t\t\t\t\t<p>Frequency: quarterly<\/p><p>Publisher: Alfa-Print Sp. z o.o.<\/p><p>Editorial office: Swietokrzyska 14A Str., 00-050 Warsaw, Poland<\/p><p>Phone: +48 22\u00a0828 14 00<\/p><p><a href=\"http:\/\/www.packagingreview.eu\">www.packagingreview.eu<\/a><\/p><p>Mail:\u00a0<span id=\"cloake3afe7872f0e43bceb9b45142131655c\"><a href=\"mailto:contact@packagingreview.eu\">contact@packagingreview.eu<\/a><\/span><\/p><p>Packaging Review is a quarterly magazine focused on scientific research, developmental activities and technological progress in the packaging industry in Central and Eastern Europe. Packaging for food production is a key industrial segment &#8211; and this periodical is developed for Poland and neighboring countries.<\/p><p>In this magazine we present scientific findings and professional achievements from accredited scientists. The articles highlight the focused efforts of those professionals in the packaging sector working in research centers and the most innovative companies in both Poland and abroad. We communicate findings and report on scientific conferences. We are also a bridge between science and business &#8211; by communicating technological innovations we hope to make breakthroughs executable throughout the industry.<\/p><p>Between 1955-2021, scientific articles were only published in the Polish language, but from 2022 onwards it is English only, in order to better promote industry achievements and reach the international community. The journal is published only electronically with open access and has an international scope and focus.<\/p><p><strong><a href=\"https:\/\/packagingreview.eu\/wp-content\/uploads\/2025\/01\/Packaging-Review_ETHICS-AND-PUBLICATION-MALPRACTICE-STATEMENT.pdf\" target=\"_blank\" rel=\"noopener\">ETHICS AND PUBLICATION MALPRACTICE STATEMENT\u00a0in Packaging Review<\/a>\u00a0(<a href=\"https:\/\/publicationethics.org\/\" target=\"_blank\" rel=\"noopener\">compiled basing on COPE \u2013 Committee on Publication Ethics \u2013 guidelines<\/a>)<\/strong><\/p><p><strong>The editors implement procedures for dealing with dishonesty and plagiarism.\u00a0<a href=\"https:\/\/packagingreview.eu\/wp-content\/uploads\/2025\/01\/COPE.pdf\" target=\"_blank\" rel=\"noopener\">Here<\/a>\u00a0you can review the\u00a0<a href=\"http:\/\/publicationethics.org\/\" target=\"_blank\" rel=\"noopener noreferrer\">Comittee on Publication Ethics<\/a>\u00a0(COPE) diagrams, which outline the algorithm for dealing with situations where dishonesty is detected.<\/strong><\/p><p>Entitled entity&#8217;s disclaimer regarding text and data mining:\u00a0<a href=\"https:\/\/packagingreview.eu\/index.php\/publishers-note\/\" target=\"_blank\" rel=\"noopener\">Publisher&#8217;s note.<\/a><\/p>\t\t\t\t\t\t\t\t<\/div>\n\t\t\t\t<\/div>\n\t\t\t\t<div class=\"elementor-element elementor-element-39d601a elementor-widget elementor-widget-text-editor\" data-id=\"39d601a\" data-element_type=\"widget\" data-widget_type=\"text-editor.default\">\n\t\t\t\t<div class=\"elementor-widget-container\">\n\t\t\t\t\t\t\t\t\t<p>Cz\u0119stotliwo\u015b\u0107 ukazywania si\u0119: kwartalnik<\/p><p>Wydawca: Alfa-Print Sp. z o.o.,<\/p><p>Redakcja: ul. \u015awi\u0119tokrzyska 14a, 00-050 Warszawa<\/p><p>Telefon: +48 22 828 14 00<\/p><p><a href=\"http:\/\/www.packagingreview.eu\">www.packagingreview.eu<\/a><\/p><p><a href=\"mailto:contact@packagingreview.eu\">contact@packagingreview.eu<\/a><\/p><p>Packaging Review jest kwartalnikiem naukowym, prezentuj\u0105cym dzia\u0142ania badawczo-rozwojowe oraz post\u0119p technologiczny w bran\u017cy opakowaniowej w Europie \u015arodkowo-Wschodniej. To jeden z kluczowych &#8211; szczeg\u00f3lnie dla polskiej gospodarki, stoj\u0105cej produkcj\u0105 \u017cywno\u015bci, ale i dla kraj\u00f3w o\u015bciennych &#8211; segment\u00f3w przemys\u0142owych.<\/p><p>Na \u0142amach czasopisma prezentujemy naukowe i zawodowe osi\u0105gni\u0119cia naukowc\u00f3w dotycz\u0105cych zagadnie\u0144 zwi\u0105zanych z opakowaniami, pracuj\u0105cych w o\u015brodkach badawczych i najbardziej innowacyjnych firmach zar\u00f3wno w Polsce, jak i za granic\u0105. Informujemy o konferencjach naukowych oraz je relacjonujemy. Jeste\u015bmy tak\u017ce pomostem \u0142\u0105cz\u0105cym nauk\u0119 z biznesem \u2013 popularyzuj\u0105c innowacje sprawiamy, \u017ce maj\u0105 one szans\u0119 na wdro\u017cenie i zastosowanie w przemy\u015ble.<\/p><p>W latach 1955-2021 artyku\u0142y naukowe publikowane by\u0142y w j\u0119zyku polskim, a od 2022 r. wy\u0142\u0105cznie w j\u0119zyku angielskim, aby lepiej promowa\u0107 osi\u0105gni\u0119cia bran\u017cowe i dotrze\u0107 do mi\u0119dzynarodowego \u015brodowiska. Czasopismo ukazuje si\u0119 wy\u0142\u0105cznie w wersji elektronicznej w otwartym dost\u0119pie (open access) i ma zasi\u0119g mi\u0119dzynarodowy.<\/p><p><a href=\"https:\/\/packagingreview.eu\/wp-content\/uploads\/2025\/01\/Packaging-Review_Oswiadczenie-i-zasadach-etyki-i-publikacji.pdf\" target=\"_blank\" rel=\"noopener\"><strong>O\u015aWIADCZENIE O\u00a0ZASADACH ETYKI I PUBLIKACJI\u00a0<\/strong><strong>w Packaging Review<\/strong><\/a>\u00a0(<strong><a href=\"https:\/\/publicationethics.org\/\" target=\"_blank\" rel=\"noopener\">opracowano na podstawie wytycznych COPE \u2013 Committee on Publication Ethics<\/a><\/strong>)<\/p><p><strong>Redakcja wdra\u017ca procedury post\u0119powania w przypadku nierzetelno\u015bci i plagiat\u00f3w.\u00a0<a href=\"https:\/\/packagingreview.eu\/wp-content\/uploads\/2025\/01\/COPE.pdf\" target=\"_blank\" rel=\"noopener\">Tutaj<\/a>\u00a0mo\u017cna zapozna\u0107 si\u0119 z diagramami\u00a0<a href=\"http:\/\/publicationethics.org\/\" target=\"_blank\" rel=\"noopener noreferrer\">Comittee on Publication Ethics<\/a> (COPE), kt\u00f3re okre\u015blaj\u0105 algorytm post\u0119powania w sytuacji wykrycia nierzetelno\u015bci.<\/strong><\/p><p>Zastrze\u017cenie podmiotu uprawnionego dotycz\u0105ce eksploracji tekstu i danych: <a href=\"https:\/\/packagingreview.eu\/index.php\/nota-wydawnicza\/\" target=\"_blank\" rel=\"noopener\">Nota wydawnicza<\/a>.<\/p>\t\t\t\t\t\t\t\t<\/div>\n\t\t\t\t<\/div>\n\t\t\t\t<\/div>\n\t\t\t\t<\/div>\n\t\t\t\t<\/div>\n\t\t<div class=\"elementor-element elementor-element-1e56198 e-con-full e-flex e-con e-child\" data-id=\"1e56198\" data-element_type=\"container\" data-settings=\"{&quot;background_background&quot;:&quot;classic&quot;}\">\n\t\t\t\t<div class=\"elementor-element elementor-element-02a2f98 elementor-widget elementor-widget-global elementor-global-217 elementor-widget-image\" data-id=\"02a2f98\" data-element_type=\"widget\" data-widget_type=\"image.default\">\n\t\t\t\t<div class=\"elementor-widget-container\">\n\t\t\t\t\t\t\t\t\t\t\t\t\t\t\t\t<a href=\"https:\/\/packagingreview.eu\/wp-content\/uploads\/2026\/04\/PACKAGING-REVIEW_1_2026.pdf\" target=\"_blank\">\n\t\t\t\t\t\t\t<img fetchpriority=\"high\" decoding=\"async\" width=\"212\" height=\"300\" src=\"https:\/\/packagingreview.eu\/wp-content\/uploads\/2026\/04\/okladka-212x300.jpg\" class=\"attachment-medium size-medium wp-image-414\" alt=\"\" srcset=\"https:\/\/packagingreview.eu\/wp-content\/uploads\/2026\/04\/okladka-212x300.jpg 212w, https:\/\/packagingreview.eu\/wp-content\/uploads\/2026\/04\/okladka-724x1024.jpg 724w, https:\/\/packagingreview.eu\/wp-content\/uploads\/2026\/04\/okladka-768x1086.jpg 768w, https:\/\/packagingreview.eu\/wp-content\/uploads\/2026\/04\/okladka-1086x1536.jpg 1086w, https:\/\/packagingreview.eu\/wp-content\/uploads\/2026\/04\/okladka-1448x2048.jpg 1448w, https:\/\/packagingreview.eu\/wp-content\/uploads\/2026\/04\/okladka.jpg 1358w\" sizes=\"(max-width: 212px) 100vw, 212px\" \/>\t\t\t\t\t\t\t\t<\/a>\n\t\t\t\t\t\t\t\t\t\t\t\t\t\t\t<\/div>\n\t\t\t\t<\/div>\n\t\t\t\t<div class=\"elementor-element elementor-element-789a042 elementor-widget elementor-widget-global elementor-global-214 elementor-widget-text-editor\" data-id=\"789a042\" data-element_type=\"widget\" data-widget_type=\"text-editor.default\">\n\t\t\t\t<div class=\"elementor-widget-container\">\n\t\t\t\t\t\t\t\t\t<p><a href=\"https:\/\/packagingreview.eu\/wp-content\/uploads\/2026\/04\/PACKAGING-REVIEW_1_2026.pdf\">Packaging Review 2026<\/a><a href=\"https:\/\/packagingreview.eu\/wp-content\/uploads\/2025\/12\/PACKAGING-REVIEW_4_2025.pdf\" target=\"_blank\" rel=\"noopener\">-1<\/a><br \/><a href=\"https:\/\/packagingreview.eu\/wp-content\/uploads\/2025\/12\/PACKAGING-REVIEW_4_2025.pdf\" target=\"_blank\" rel=\"noopener\">Packaging Review 2025-4<\/a><br \/><a href=\"https:\/\/packagingreview.eu\/wp-content\/uploads\/2025\/09\/PACKAGING-REVIEW_3_2025.pdf\">Packaging Review 2025-3<\/a><br \/><a href=\"https:\/\/packagingreview.eu\/wp-content\/uploads\/2025\/05\/PACKAGING-REVIEW_22025.pdf\" target=\"_blank\" rel=\"noopener\">Packaging Review 2025-2<\/a><br \/><a href=\"https:\/\/packagingreview.eu\/wp-content\/uploads\/2025\/03\/PR_1_2025.pdf\" target=\"_blank\" rel=\"noopener\">Packaging Review 2025-1<\/a><br \/><a href=\"https:\/\/packagingreview.eu\/wp-content\/uploads\/2025\/01\/PR_4_2024.pdf\" target=\"_blank\" rel=\"noopener\">Packaging Review 2024-4<\/a><br \/><a href=\"https:\/\/packagingreview.eu\/wp-content\/uploads\/2024\/12\/PR_3_2024.pdf\" target=\"_blank\" rel=\"noopener\">Packaging Review 2024-3<\/a><br \/><a href=\"https:\/\/packagingreview.eu\/wp-content\/uploads\/2024\/12\/PR_2_2024.pdf\" target=\"_blank\" rel=\"noopener\">Packaging Review 2024-2<\/a><br \/><a href=\"https:\/\/packagingreview.eu\/wp-content\/uploads\/2024\/12\/PR_1_2024.pdf\" target=\"_blank\" rel=\"noopener\">Packaging Review 2024-1<\/a><br \/><a href=\"https:\/\/packagingreview.eu\/wp-content\/uploads\/2024\/12\/PR_4_2023.pdf\" target=\"_blank\" rel=\"noopener\">Packaging Review 2023-4<\/a><br \/><a href=\"https:\/\/packagingreview.eu\/wp-content\/uploads\/2024\/12\/PR_3_2023.pdf\" target=\"_blank\" rel=\"noopener\">Packaging Review 2023-3<\/a><br \/><a href=\"https:\/\/packagingreview.eu\/wp-content\/uploads\/2024\/12\/PR_2_2023.pdf\" target=\"_blank\" rel=\"noopener\">Packaging Review 2023-2<\/a><br \/><a href=\"https:\/\/packagingreview.eu\/wp-content\/uploads\/2024\/12\/PR_1_2023.pdf\" target=\"_blank\" rel=\"noopener\">Packaging Review 2023-1<\/a><br \/><a href=\"https:\/\/packagingreview.eu\/wp-content\/uploads\/2024\/12\/PR_4_2022.pdf\" target=\"_blank\" rel=\"noopener\">Packaging Review 2022-4<\/a><br \/><a href=\"https:\/\/packagingreview.eu\/wp-content\/uploads\/2024\/12\/PR_3_2022.pdf\" target=\"_blank\" rel=\"noopener\">Packaging Review 2022-3<\/a><br \/><a href=\"https:\/\/packagingreview.eu\/wp-content\/uploads\/2024\/12\/PR_2_2022.pdf\" target=\"_blank\" rel=\"noopener\">Packaging Review 2022-2<\/a><br \/><a href=\"https:\/\/packagingreview.eu\/wp-content\/uploads\/2024\/12\/PR_1_2022_v2-1.pdf\" target=\"_blank\" rel=\"noopener\">Packaging Review 2022-1<\/a><\/p>\t\t\t\t\t\t\t\t<\/div>\n\t\t\t\t<\/div>\n\t\t\t\t<\/div>\n\t\t\t\t\t<\/div>\n\t\t\t\t<\/div>\n\t\t\t\t<\/div>\n\t\t","protected":false},"excerpt":{"rendered":"<p>Frequency: quarterly Publisher: Alfa-Print Sp. z o.o. Editorial office: Swietokrzyska 14A Str., 00-050 Warsaw, Poland Phone: +48 22\u00a0828 14 00 www.packagingreview.eu Mail:\u00a0contact@packagingreview.eu Packaging Review is a quarterly magazine focused on scientific research, developmental activities and technological progress in the packaging industry in Central and Eastern Europe. Packaging for food production is a key industrial segment [&hellip;]<\/p>\n","protected":false},"author":1,"featured_media":0,"parent":0,"menu_order":0,"comment_status":"closed","ping_status":"closed","template":"elementor_header_footer","meta":{"footnotes":""},"class_list":["post-9","page","type-page","status-publish","hentry"],"_links":{"self":[{"href":"https:\/\/packagingreview.eu\/index.php\/wp-json\/wp\/v2\/pages\/9","targetHints":{"allow":["GET"]}}],"collection":[{"href":"https:\/\/packagingreview.eu\/index.php\/wp-json\/wp\/v2\/pages"}],"about":[{"href":"https:\/\/packagingreview.eu\/index.php\/wp-json\/wp\/v2\/types\/page"}],"author":[{"embeddable":true,"href":"https:\/\/packagingreview.eu\/index.php\/wp-json\/wp\/v2\/users\/1"}],"replies":[{"embeddable":true,"href":"https:\/\/packagingreview.eu\/index.php\/wp-json\/wp\/v2\/comments?post=9"}],"version-history":[{"count":176,"href":"https:\/\/packagingreview.eu\/index.php\/wp-json\/wp\/v2\/pages\/9\/revisions"}],"predecessor-version":[{"id":419,"href":"https:\/\/packagingreview.eu\/index.php\/wp-json\/wp\/v2\/pages\/9\/revisions\/419"}],"wp:attachment":[{"href":"https:\/\/packagingreview.eu\/index.php\/wp-json\/wp\/v2\/media?parent=9"}],"curies":[{"name":"wp","href":"https:\/\/api.w.org\/{rel}","templated":true}]}}